{"id":10748,"date":"2021-10-22T23:01:57","date_gmt":"2021-10-22T21:01:57","guid":{"rendered":"https:\/\/foerdecard.com\/kontakte\/"},"modified":"2025-09-11T18:16:46","modified_gmt":"2025-09-11T16:16:46","slug":"kontakte","status":"publish","type":"page","link":"https:\/\/foerdecard.com\/da\/kontakte\/","title":{"rendered":"Kontakte"},"content":{"rendered":"<div id=\"modal-ready\">\t\t<div data-elementor-type=\"wp-page\" data-elementor-id=\"10748\" class=\"elementor elementor-10748 elementor-27\" data-elementor-post-type=\"page\">\n\t\t\t\t\t\t<section data-particle_enable=\"false\" data-particle-mobile-disabled=\"false\" class=\"elementor-section elementor-top-section elementor-element elementor-element-203a38ee elementor-section-height-min-height elementor-section-items-top elementor-section-boxed elementor-section-height-default\" data-id=\"203a38ee\" data-element_type=\"section\" data-e-type=\"section\" data-settings=\"{&quot;background_background&quot;:&quot;gradient&quot;}\">\n\t\t\t\t\t\t<div class=\"elementor-container elementor-column-gap-no\">\n\t\t\t\t\t<div class=\"elementor-column elementor-col-50 elementor-top-column elementor-element elementor-element-7049f47\" data-id=\"7049f47\" data-element_type=\"column\" data-e-type=\"column\" data-settings=\"{&quot;background_background&quot;:&quot;classic&quot;}\">\n\t\t\t<div class=\"elementor-widget-wrap elementor-element-populated\">\n\t\t\t\t\t\t<div class=\"elementor-element elementor-element-1c421224 elementor-widget elementor-widget-heading\" data-id=\"1c421224\" data-element_type=\"widget\" data-e-type=\"widget\" data-widget_type=\"heading.default\">\n\t\t\t\t<div class=\"elementor-widget-container\">\n\t\t\t\t\t<h2 class=\"elementor-heading-title elementor-size-default\">Eventuelle sp\u00f8rgsm\u00e5l eller forslag vedr.\n<span class=\"bold-heading\">F\u00f6rde<\/span> KORT?<\/h2>\t\t\t\t<\/div>\n\t\t\t\t<\/div>\n\t\t\t\t\t<\/div>\n\t\t<\/div>\n\t\t\t\t<div class=\"elementor-column elementor-col-50 elementor-top-column elementor-element elementor-element-48116656\" data-id=\"48116656\" data-element_type=\"column\" data-e-type=\"column\" data-settings=\"{&quot;background_background&quot;:&quot;classic&quot;}\">\n\t\t\t<div class=\"elementor-widget-wrap elementor-element-populated\">\n\t\t\t\t\t\t<div class=\"elementor-element elementor-element-4a61b3d8 e-transform elementor-widget elementor-widget-image\" data-id=\"4a61b3d8\" data-element_type=\"widget\" data-e-type=\"widget\" data-settings=\"{&quot;_transform_rotateZ_effect_mobile&quot;:{&quot;unit&quot;:&quot;deg&quot;,&quot;size&quot;:-10,&quot;sizes&quot;:[]},&quot;_transform_rotateZ_effect&quot;:{&quot;unit&quot;:&quot;px&quot;,&quot;size&quot;:-10,&quot;sizes&quot;:[]},&quot;_transform_rotateZ_effect_tablet&quot;:{&quot;unit&quot;:&quot;deg&quot;,&quot;size&quot;:&quot;&quot;,&quot;sizes&quot;:[]}}\" data-widget_type=\"image.default\">\n\t\t\t\t<div class=\"elementor-widget-container\">\n\t\t\t\t\t\t\t\t\t\t\t\t\t\t\t\t<a href=\"https:\/\/foerdecard.com\">\n\t\t\t\t\t\t\t<img fetchpriority=\"high\" decoding=\"async\" width=\"1134\" height=\"756\" src=\"https:\/\/foerdecard.com\/wp-content\/uploads\/FoerdeCARD_2025_Simulation_01_Vorne_mit_Schatten.png\" class=\"attachment-full size-full wp-image-10522\" alt=\"\" srcset=\"https:\/\/foerdecard.com\/wp-content\/uploads\/FoerdeCARD_2025_Simulation_01_Vorne_mit_Schatten.png 1134w, https:\/\/foerdecard.com\/wp-content\/uploads\/FoerdeCARD_2025_Simulation_01_Vorne_mit_Schatten-300x200.png 300w, https:\/\/foerdecard.com\/wp-content\/uploads\/FoerdeCARD_2025_Simulation_01_Vorne_mit_Schatten-1024x683.png 1024w, https:\/\/foerdecard.com\/wp-content\/uploads\/FoerdeCARD_2025_Simulation_01_Vorne_mit_Schatten-768x512.png 768w, https:\/\/foerdecard.com\/wp-content\/uploads\/FoerdeCARD_2025_Simulation_01_Vorne_mit_Schatten-600x400.png 600w\" sizes=\"(max-width: 1134px) 100vw, 1134px\" \/>\t\t\t\t\t\t\t\t<\/a>\n\t\t\t\t\t\t\t\t\t\t\t\t\t\t\t<\/div>\n\t\t\t\t<\/div>\n\t\t\t\t\t<\/div>\n\t\t<\/div>\n\t\t\t\t\t<\/div>\n\t\t<\/section>\n\t\t\t\t<section data-particle_enable=\"false\" data-particle-mobile-disabled=\"false\" class=\"elementor-section elementor-top-section elementor-element elementor-element-40ceeeb8 elementor-section-boxed elementor-section-height-default elementor-section-height-default\" data-id=\"40ceeeb8\" data-element_type=\"section\" data-e-type=\"section\">\n\t\t\t\t\t\t<div class=\"elementor-container elementor-column-gap-no\">\n\t\t\t\t\t<div class=\"elementor-column elementor-col-50 elementor-top-column elementor-element elementor-element-be0de\" data-id=\"be0de\" data-element_type=\"column\" data-e-type=\"column\">\n\t\t\t<div class=\"elementor-widget-wrap elementor-element-populated\">\n\t\t\t\t\t\t<div class=\"elementor-element elementor-element-7fd29211 elementor-widget elementor-widget-heading\" data-id=\"7fd29211\" data-element_type=\"widget\" data-e-type=\"widget\" data-widget_type=\"heading.default\">\n\t\t\t\t<div class=\"elementor-widget-container\">\n\t\t\t\t\t<h3 class=\"elementor-heading-title elementor-size-default\">\n\n<span class=\"bold-heading\">Har du sp\u00f8rgsm\u00e5l eller forslag?<\/span><\/br>S\u00e5 kan du kontakte os her!<\/h3>\t\t\t\t<\/div>\n\t\t\t\t<\/div>\n\t\t\t\t\t<\/div>\n\t\t<\/div>\n\t\t\t\t<div class=\"elementor-column elementor-col-50 elementor-top-column elementor-element elementor-element-15231cb\" data-id=\"15231cb\" data-element_type=\"column\" data-e-type=\"column\">\n\t\t\t<div class=\"elementor-widget-wrap elementor-element-populated\">\n\t\t\t\t\t\t<div class=\"elementor-element elementor-element-1a8d353 elementor-widget elementor-widget-image\" data-id=\"1a8d353\" data-element_type=\"widget\" data-e-type=\"widget\" data-widget_type=\"image.default\">\n\t\t\t\t<div class=\"elementor-widget-container\">\n\t\t\t\t\t\t\t\t\t\t\t\t\t\t\t<img decoding=\"async\" width=\"800\" height=\"533\" src=\"https:\/\/foerdecard.com\/wp-content\/uploads\/Salondampfer-Alexandra-vor-Museumshafen-Flensburg-1024x682.jpg\" class=\"attachment-large size-large wp-image-10538\" alt=\"\" srcset=\"https:\/\/foerdecard.com\/wp-content\/uploads\/Salondampfer-Alexandra-vor-Museumshafen-Flensburg-1024x682.jpg 1024w, https:\/\/foerdecard.com\/wp-content\/uploads\/Salondampfer-Alexandra-vor-Museumshafen-Flensburg-300x200.jpg 300w, https:\/\/foerdecard.com\/wp-content\/uploads\/Salondampfer-Alexandra-vor-Museumshafen-Flensburg-768x511.jpg 768w, https:\/\/foerdecard.com\/wp-content\/uploads\/Salondampfer-Alexandra-vor-Museumshafen-Flensburg-1536x1022.jpg 1536w, https:\/\/foerdecard.com\/wp-content\/uploads\/Salondampfer-Alexandra-vor-Museumshafen-Flensburg-2048x1363.jpg 2048w, https:\/\/foerdecard.com\/wp-content\/uploads\/Salondampfer-Alexandra-vor-Museumshafen-Flensburg-600x399.jpg 600w\" sizes=\"(max-width: 800px) 100vw, 800px\" \/>\t\t\t\t\t\t\t\t\t\t\t\t\t\t\t<\/div>\n\t\t\t\t<\/div>\n\t\t\t\t\t<\/div>\n\t\t<\/div>\n\t\t\t\t\t<\/div>\n\t\t<\/section>\n\t\t\t\t<section data-particle_enable=\"false\" data-particle-mobile-disabled=\"false\" class=\"elementor-section elementor-top-section elementor-element elementor-element-08121fc elementor-section-boxed elementor-section-height-default elementor-section-height-default\" data-id=\"08121fc\" data-element_type=\"section\" data-e-type=\"section\">\n\t\t\t\t\t\t<div class=\"elementor-container elementor-column-gap-default\">\n\t\t\t\t\t<div class=\"elementor-column elementor-col-100 elementor-top-column elementor-element elementor-element-9a45dce\" data-id=\"9a45dce\" data-element_type=\"column\" data-e-type=\"column\">\n\t\t\t<div class=\"elementor-widget-wrap elementor-element-populated\">\n\t\t\t\t\t\t<section data-particle_enable=\"false\" data-particle-mobile-disabled=\"false\" class=\"elementor-section elementor-inner-section elementor-element elementor-element-7305ae6 elementor-section-boxed elementor-section-height-default elementor-section-height-default\" data-id=\"7305ae6\" data-element_type=\"section\" data-e-type=\"section\">\n\t\t\t\t\t\t<div class=\"elementor-container elementor-column-gap-default\">\n\t\t\t\t\t<div class=\"elementor-column elementor-col-100 elementor-inner-column elementor-element elementor-element-476c4d4\" data-id=\"476c4d4\" data-element_type=\"column\" data-e-type=\"column\">\n\t\t\t<div class=\"elementor-widget-wrap elementor-element-populated\">\n\t\t\t\t\t\t<div class=\"elementor-element elementor-element-0f9a300 elementor-widget elementor-widget-heading\" data-id=\"0f9a300\" data-element_type=\"widget\" data-e-type=\"widget\" data-widget_type=\"heading.default\">\n\t\t\t\t<div class=\"elementor-widget-container\">\n\t\t\t\t\t<h2 class=\"elementor-heading-title elementor-size-default\"><span class=\"bold-heading\">Kontakt<\/span> - S\u00e5dan kontakter du os<\/h2>\t\t\t\t<\/div>\n\t\t\t\t<\/div>\n\t\t\t\t\t<\/div>\n\t\t<\/div>\n\t\t\t\t\t<\/div>\n\t\t<\/section>\n\t\t\t\t<section data-particle_enable=\"false\" data-particle-mobile-disabled=\"false\" class=\"elementor-section elementor-inner-section elementor-element elementor-element-5db1b40 elementor-section-boxed elementor-section-height-default elementor-section-height-default\" data-id=\"5db1b40\" data-element_type=\"section\" data-e-type=\"section\">\n\t\t\t\t\t\t<div class=\"elementor-container elementor-column-gap-default\">\n\t\t\t\t\t<div class=\"elementor-column elementor-col-50 elementor-inner-column elementor-element elementor-element-4920e10\" data-id=\"4920e10\" data-element_type=\"column\" data-e-type=\"column\">\n\t\t\t<div class=\"elementor-widget-wrap elementor-element-populated\">\n\t\t\t\t\t\t<div class=\"elementor-element elementor-element-44837c0 elementor-widget elementor-widget-text-editor\" data-id=\"44837c0\" data-element_type=\"widget\" data-e-type=\"widget\" data-widget_type=\"text-editor.default\">\n\t\t\t\t<div class=\"elementor-widget-container\">\n\t\t\t\t\t\t\t\t\t<div data-id=\"de033ef\" data-element_type=\"widget\" data-widget_type=\"text-editor.default\"><div><div>For alle sp\u00f8rgsm\u00e5l eller forslag vedr\u00f8rendeF\u00f6rdeCARD Du kan kontakte os ved hj\u00e6lp af formularen nedenfor.  <\/div><div> <\/div><\/div><div>Vi vender tilbage til dig hurtigst muligt.<\/div><div> <\/div><div><div><span style=\"color: var(--e-global-color-primary); font-weight: bold; font-family: var( --e-global-typography-text-font-family ), Sans-serif; font-size: 1rem;\">trolleymaker gmbh<\/span><br><span style=\"color: var( --e-global-color-text ); font-family: var( --e-global-typography-text-font-family ), Sans-serif; font-weight: var( --e-global-typography-text-font-weight ); font-size: 1rem;\">Telefon 0721 59 78 24 900<\/span><\/div><p>E-mail: <a href=\"mailto:post@trolleymaker.com\">post@trolleymaker.com<\/a><\/p><\/div><\/div>\t\t\t\t\t\t\t\t<\/div>\n\t\t\t\t<\/div>\n\t\t\t\t\t<\/div>\n\t\t<\/div>\n\t\t\t\t<div class=\"elementor-column elementor-col-50 elementor-inner-column elementor-element elementor-element-a862b01\" data-id=\"a862b01\" data-element_type=\"column\" data-e-type=\"column\">\n\t\t\t<div class=\"elementor-widget-wrap elementor-element-populated\">\n\t\t\t\t\t\t<div class=\"elementor-element elementor-element-4c91285 elementor-widget elementor-widget-text-editor\" data-id=\"4c91285\" data-element_type=\"widget\" data-e-type=\"widget\" data-widget_type=\"text-editor.default\">\n\t\t\t\t<div class=\"elementor-widget-container\">\n\t\t\t\t\t\t\t\t\t<div data-id=\"de033ef\" data-element_type=\"widget\" data-widget_type=\"text-editor.default\"><div>Partnervirksomheder og interesserede arbejdsgivere kan ogs\u00e5 kontakte den lokale kontaktperson:<\/div><div> <\/div><\/div><div><div><div data-id=\"de033ef\" data-element_type=\"widget\" data-widget_type=\"text-editor.default\"><div><span style=\"color: var(--e-global-color-primary); font-weight: bold;\">Tourismus Agentur Flensburg GmbH<\/span><\/div><\/div><p>Telefon  +49 461 90 90 920<br>E-mail:  <strong><span style=\"color: #003c8f;\"><a href=\"mailto:kontakt@foerdecard.com\">kontakt@foerdecard.com<\/a><\/span><\/strong><\/p><\/div><\/div>\t\t\t\t\t\t\t\t<\/div>\n\t\t\t\t<\/div>\n\t\t\t\t\t<\/div>\n\t\t<\/div>\n\t\t\t\t\t<\/div>\n\t\t<\/section>\n\t\t\t\t\t<\/div>\n\t\t<\/div>\n\t\t\t\t\t<\/div>\n\t\t<\/section>\n\t\t\t\t<section data-particle_enable=\"false\" data-particle-mobile-disabled=\"false\" class=\"elementor-section elementor-top-section elementor-element elementor-element-793a917 elementor-section-full_width elementor-section-stretched elementor-section-height-default elementor-section-height-default\" data-id=\"793a917\" data-element_type=\"section\" data-e-type=\"section\" data-settings=\"{&quot;stretch_section&quot;:&quot;section-stretched&quot;}\">\n\t\t\t\t\t\t<div class=\"elementor-container elementor-column-gap-default\">\n\t\t\t\t\t<div class=\"elementor-column elementor-col-100 elementor-top-column elementor-element elementor-element-b9c983c\" data-id=\"b9c983c\" data-element_type=\"column\" data-e-type=\"column\">\n\t\t\t<div class=\"elementor-widget-wrap elementor-element-populated\">\n\t\t\t\t\t\t<div class=\"elementor-element elementor-element-08df9c6 elementor-widget elementor-widget-template\" data-id=\"08df9c6\" data-element_type=\"widget\" data-e-type=\"widget\" data-widget_type=\"template.default\">\n\t\t\t\t<div class=\"elementor-widget-container\">\n\t\t\t\t\t\t\t<div class=\"elementor-template\">\n\t\t\t\t\t<div data-elementor-type=\"section\" data-elementor-id=\"10629\" class=\"elementor elementor-10629 elementor-239 elementor-239\" data-elementor-post-type=\"elementor_library\">\n\t\t\t\t\t<section data-particle_enable=\"false\" data-particle-mobile-disabled=\"false\" class=\"elementor-section elementor-top-section elementor-element elementor-element-7eb11e3 elementor-section-stretched elementor-section-boxed elementor-section-height-default elementor-section-height-default\" data-id=\"7eb11e3\" data-element_type=\"section\" data-e-type=\"section\" id=\"kontakt\" data-settings=\"{&quot;background_background&quot;:&quot;classic&quot;,&quot;stretch_section&quot;:&quot;section-stretched&quot;}\">\n\t\t\t\t\t\t<div class=\"elementor-container elementor-column-gap-default\">\n\t\t\t\t\t<div class=\"elementor-column elementor-col-100 elementor-top-column elementor-element elementor-element-fa2a273\" data-id=\"fa2a273\" data-element_type=\"column\" data-e-type=\"column\">\n\t\t\t<div class=\"elementor-widget-wrap elementor-element-populated\">\n\t\t\t\t\t\t<div class=\"elementor-element elementor-element-68fbd61 elementor-widget elementor-widget-heading\" data-id=\"68fbd61\" data-element_type=\"widget\" data-e-type=\"widget\" data-widget_type=\"heading.default\">\n\t\t\t\t<div class=\"elementor-widget-container\">\n\t\t\t\t\t<h2 class=\"elementor-heading-title elementor-size-default\"><span class=\"bold-heading\">Har du yderligere sp\u00f8rgsm\u00e5l?<\/span>  - Skriv til os!<\/h2>\t\t\t\t<\/div>\n\t\t\t\t<\/div>\n\t\t\t\t<div class=\"elementor-element elementor-element-ffd643a elementor-widget elementor-widget-shortcode\" data-id=\"ffd643a\" data-element_type=\"widget\" data-e-type=\"widget\" data-widget_type=\"shortcode.default\">\n\t\t\t\t<div class=\"elementor-widget-container\">\n\t\t\t\t\t\t\t<div class=\"elementor-shortcode\">\n<div class=\"wpcf7 no-js\" id=\"wpcf7-f10692-o1\" lang=\"da-DK\" dir=\"ltr\" data-wpcf7-id=\"10692\">\n<div class=\"screen-reader-response\"><p role=\"status\" aria-live=\"polite\" aria-atomic=\"true\"><\/p> <ul><\/ul><\/div>\n<form action=\"\/da\/wp-json\/wp\/v2\/pages\/10748#wpcf7-f10692-o1\" method=\"post\" class=\"wpcf7-form init\" aria-label=\"Kontaktformular\" novalidate=\"novalidate\" data-status=\"init\">\n<fieldset class=\"hidden-fields-container\"><input type=\"hidden\" name=\"_wpcf7\" value=\"10692\" \/><input type=\"hidden\" name=\"_wpcf7_version\" value=\"6.1.5\" \/><input type=\"hidden\" name=\"_wpcf7_locale\" value=\"da_DK\" \/><input type=\"hidden\" name=\"_wpcf7_unit_tag\" value=\"wpcf7-f10692-o1\" \/><input type=\"hidden\" name=\"_wpcf7_container_post\" value=\"0\" \/><input type=\"hidden\" name=\"_wpcf7_posted_data_hash\" value=\"\" \/>\n<\/fieldset>\n<p><label> selskab<br \/>\n<span class=\"wpcf7-form-control-wrap\" data-name=\"your-firma\"><input size=\"40\" maxlength=\"400\" class=\"wpcf7-form-control wpcf7-text\" aria-invalid=\"false\" value=\"\" type=\"text\" name=\"your-firma\" \/><\/span> <\/label>\n<\/p>\n<p>Hilsen<br \/>\n<span class=\"wpcf7-form-control-wrap\" data-name=\"menu-anrede\"><select class=\"wpcf7-form-control wpcf7-select\" aria-invalid=\"false\" name=\"menu-anrede\"><option value=\"\">&#8212;V\u00e6lg venligst en mulighed&#8212;<\/option><option value=\"Kvinde\">Kvinde<\/option><option value=\"Hr.\">Hr.<\/option><option value=\"Diverse\">Diverse<\/option><\/select><\/span>\n<\/p>\n<p><label> Navn*<br \/>\n<span class=\"wpcf7-form-control-wrap\" data-name=\"your-name\"><input size=\"40\" maxlength=\"400\" class=\"wpcf7-form-control wpcf7-text wpcf7-validates-as-required\" aria-required=\"true\" aria-invalid=\"false\" value=\"\" type=\"text\" name=\"your-name\" \/><\/span> <\/label>\n<\/p>\n<p><label> E-mailadresse*<br \/>\n<span class=\"wpcf7-form-control-wrap\" data-name=\"your-email\"><input size=\"40\" maxlength=\"400\" class=\"wpcf7-form-control wpcf7-email wpcf7-validates-as-required wpcf7-text wpcf7-validates-as-email\" aria-required=\"true\" aria-invalid=\"false\" value=\"\" type=\"email\" name=\"your-email\" \/><\/span> <\/label>\n<\/p>\n<p><label> Telefonnummer<br \/>\n<span class=\"wpcf7-form-control-wrap\" data-name=\"your-phone\"><input size=\"40\" maxlength=\"400\" class=\"wpcf7-form-control wpcf7-text\" aria-invalid=\"false\" value=\"\" type=\"text\" name=\"your-phone\" \/><\/span> <\/label>\n<\/p>\n<p><span id=\"wpcf7-69f8e09196371-wrapper\" class=\"wpcf7-form-control-wrap hjemmeside-wrap\" style=\"display:none !important; visibility:hidden !important;\"><label for=\"wpcf7-69f8e09196371-field\" class=\"hp-message\">Lad venligst dette felt v\u00e6re tomt.<\/label><input id=\"wpcf7-69f8e09196371-field\"  class=\"wpcf7-form-control wpcf7-text\" type=\"text\" name=\"hjemmeside\" value=\"\" size=\"40\" tabindex=\"-1\" autocomplete=\"new-password\" \/><\/span>\n<\/p>\n<p>Meddelelse*<br \/>\n<span class=\"wpcf7-form-control-wrap\" data-name=\"your-message\"><textarea cols=\"40\" rows=\"10\" maxlength=\"2000\" class=\"wpcf7-form-control wpcf7-textarea\" aria-invalid=\"false\" name=\"your-message\"><\/textarea><\/span>\n<\/p>\n<p>Dataene overf\u00f8res via en krypteret forbindelse. Vi bruger udelukkende dine data til at behandle din anmodning. Yderligere oplysninger om behandlingen af dine data og instruktioner om tilbagetr\u00e6kning kan findes i denne hjemmesides privatlivspolitik. <a href=\"\/datenschutz\/\" target=\"_blank\">Du kan finde privatlivspolitikken her<\/a> .\n<\/p>\n<p><span class=\"wpcf7-form-control-wrap kc_captcha\" data-name=\"kc_captcha\"><span class=\"wpcf7-form-control wpcf7-radio\"><span class=\"captcha-image\" ><span class=\"cf7ic_instructions\">Bevis venligst, at du er et menneske ved at v\u00e6lge<span> hjerte<\/span>.<\/span><label><input aria-label=\"1\" type=\"radio\" name=\"kc_captcha\" value=\"kc_human\" \/><svg aria-hidden=\"true\" role=\"img\" xmlns=\"http:\/\/www.w3.org\/2000\/svg\" viewBox=\"0 0 576 512\"><path fill=\"currentColor\" d=\"M415 24c-53 0-103 42-127 65-24-23-74-65-127-65C70 24 16 77 16 166c0 72 67 133 69 135l187 181c9 8 23 8 32 0l187-180c2-3 69-64 69-136 0-89-54-142-145-142z\"\/><\/svg><\/label><label><input aria-label=\"2\" type=\"radio\" name=\"kc_captcha\" value=\"bot\" \/><svg aria-hidden=\"true\" role=\"img\" xmlns=\"http:\/\/www.w3.org\/2000\/svg\" viewBox=\"0 0 576 512\"><path fill=\"currentColor\" d=\"M259 18l-65 132-146 22c-26 3-37 36-18 54l106 103-25 146c-5 26 23 46 46 33l131-68 131 68c23 13 51-7 46-33l-25-146 106-103c19-18 8-51-18-54l-146-22-65-132a32 32 0 00-58 0z\"\/><\/svg><\/label><label><input aria-label=\"3\" type=\"radio\" name=\"kc_captcha\" value=\"bot\" \/><svg aria-hidden=\"true\" role=\"img\" xmlns=\"http:\/\/www.w3.org\/2000\/svg\" viewBox=\"0 0 576 512\"><path fill=\"currentColor\" d=\"M472 200H360L256 6a12 12 0 00-10-6h-58c-8 0-14 7-12 15l34 185H100l-35-58a12 12 0 00-10-6H12c-8 0-13 7-12 14l21 106L0 362c-1 7 4 14 12 14h43c4 0 8-2 10-6l35-58h110l-34 185c-2 8 4 15 12 15h58a12 12 0 0010-6l104-194h112c57 0 104-25 104-56s-47-56-104-56z\"\/><\/svg><\/label>\r\n    <\/span>\r\n    <span style=\"display:none\">\r\n        <input type=\"text\" name=\"kc_honeypot\">\r\n    <\/span><\/span><\/span>\n<\/p>\n<p><input class=\"wpcf7-form-control wpcf7-submit has-spinner\" type=\"submit\" value=\"Sende\" \/><br \/>\n*Obligatorisk information\n<\/p><div class=\"wpcf7-response-output\" aria-hidden=\"true\"><\/div>\n<\/form>\n<\/div>\n<\/div>\n\t\t\t\t\t\t<\/div>\n\t\t\t\t<\/div>\n\t\t\t\t\t<\/div>\n\t\t<\/div>\n\t\t\t\t\t<\/div>\n\t\t<\/section>\n\t\t\t\t<\/div>\n\t\t\t\t<\/div>\n\t\t\t\t\t\t<\/div>\n\t\t\t\t<\/div>\n\t\t\t\t\t<\/div>\n\t\t<\/div>\n\t\t\t\t\t<\/div>\n\t\t<\/section>\n\t\t\t\t<\/div>\n\t\t<\/div>","protected":false},"excerpt":{"rendered":"<p>Eventuelle sp\u00f8rgsm\u00e5l eller forslag vedr. KORT? Har du sp\u00f8rgsm\u00e5l eller forslag?S\u00e5 kan du kontakte os her! Kontakt \u2013 S\u00e5dan kontakter du os For alle sp\u00f8rgsm\u00e5l eller forslag vedr\u00f8rende Du kan kontakte os ved hj\u00e6lp af formularen nedenfor. Vi vender tilbage til dig hurtigst muligt. trolleymaker gmbhTelefon 0721 59 78 24 900 E-mail: post@trolleymaker.com Partnervirksomheder og [&hellip;]<\/p>\n","protected":false},"author":1,"featured_media":0,"parent":0,"menu_order":0,"comment_status":"closed","ping_status":"closed","template":"","meta":{"_acf_changed":false,"footnotes":""},"class_list":["post-10748","page","type-page","status-publish","hentry"],"acf":[],"_links":{"self":[{"href":"https:\/\/foerdecard.com\/da\/wp-json\/wp\/v2\/pages\/10748","targetHints":{"allow":["GET"]}}],"collection":[{"href":"https:\/\/foerdecard.com\/da\/wp-json\/wp\/v2\/pages"}],"about":[{"href":"https:\/\/foerdecard.com\/da\/wp-json\/wp\/v2\/types\/page"}],"author":[{"embeddable":true,"href":"https:\/\/foerdecard.com\/da\/wp-json\/wp\/v2\/users\/1"}],"replies":[{"embeddable":true,"href":"https:\/\/foerdecard.com\/da\/wp-json\/wp\/v2\/comments?post=10748"}],"version-history":[{"count":5,"href":"https:\/\/foerdecard.com\/da\/wp-json\/wp\/v2\/pages\/10748\/revisions"}],"predecessor-version":[{"id":11077,"href":"https:\/\/foerdecard.com\/da\/wp-json\/wp\/v2\/pages\/10748\/revisions\/11077"}],"wp:attachment":[{"href":"https:\/\/foerdecard.com\/da\/wp-json\/wp\/v2\/media?parent=10748"}],"curies":[{"name":"wp","href":"https:\/\/api.w.org\/{rel}","templated":true}]}}