{"id":10813,"date":"2021-10-22T02:35:44","date_gmt":"2021-10-22T00:35:44","guid":{"rendered":"https:\/\/foerdecard.com\/legal-notice\/"},"modified":"2025-08-05T23:40:49","modified_gmt":"2025-08-05T21:40:49","slug":"legal-notice","status":"publish","type":"page","link":"https:\/\/foerdecard.com\/en\/legal-notice\/","title":{"rendered":"Legal notice"},"content":{"rendered":"<div id=\"modal-ready\">\t\t<div data-elementor-type=\"wp-page\" data-elementor-id=\"10813\" class=\"elementor elementor-10813 elementor-11\" data-elementor-post-type=\"page\">\n\t\t\t\t\t\t<section data-particle_enable=\"false\" data-particle-mobile-disabled=\"false\" class=\"elementor-section elementor-top-section elementor-element elementor-element-2967766 elementor-section-boxed elementor-section-height-default elementor-section-height-default\" data-id=\"2967766\" data-element_type=\"section\" data-e-type=\"section\" data-settings=\"{&quot;background_background&quot;:&quot;classic&quot;}\">\n\t\t\t\t\t\t<div class=\"elementor-container elementor-column-gap-default\">\n\t\t\t\t\t<div class=\"elementor-column elementor-col-100 elementor-top-column elementor-element elementor-element-9d76906\" data-id=\"9d76906\" data-element_type=\"column\" data-e-type=\"column\">\n\t\t\t<div class=\"elementor-widget-wrap elementor-element-populated\">\n\t\t\t\t\t\t<div class=\"elementor-element elementor-element-45a0152 elementor-widget elementor-widget-shortcode\" data-id=\"45a0152\" data-element_type=\"widget\" data-e-type=\"widget\" data-widget_type=\"shortcode.default\">\n\t\t\t\t<div class=\"elementor-widget-container\">\n\t\t\t\t\t\t\t<div class=\"elementor-shortcode\"><h1>Impressum<\/h1>\ntrolleymaker gmbh<br \/>\nZeppelinstra\u00dfe 7<br \/>\n76185 Karlsruhe<br \/>\n<br \/>\nHandelsregister: HRB 734569<br \/>\nRegistergericht: Amtsgericht Mannheim<br \/>\n<br>\n<h4>Vertreten durch:<\/h4>\nDieter Deninger und Ralph Friedrich<br \/>\n<br \/>\n<h3>Kontakt:<\/h3>\nTelefon: 0721 \/ 597824-900<br \/>\nE-Mail: post@trolleymaker.com<br \/>\n<br \/>\n<h3>Umsatzsteuer-ID<\/h3>\nUmsatzsteuer-Identifikationsnummer gem\u00e4\u00df \u00a727 a Umsatzsteuergesetz: DE327004499<br \/>\n<br \/>\n<h3>Redaktionell verantwortlich<\/h3>\nRalph Friedrich<br \/>\n<br \/>\n\n<h3>Verbraucherstreitbeilegung \/ Universalschlichtungsstelle<\/h3>\nWir sind nicht bereit oder verpflichtet, an Streitbeilegungsverfahren vor einer Verbraucherschlichtungsstelle teilzunehmen.<br \/>\n<br \/>\n<h3>Urheberrecht<\/h3>\nDie durch die Seitenbetreiber erstellten Inhalte und Werke auf diesen Seiten unterliegen dem deutschen Urheberrecht. Die Vervielf\u00e4ltigung, Bearbeitung, Verbreitung und jede Art der Verwertung au\u00dferhalb der Grenzen des Urheberrechtes bed\u00fcrfen der schriftlichen Zustimmung des jeweiligen Autors bzw. Erstellers. Downloads und Kopien dieser Seite sind nur f\u00fcr den privaten, nicht kommerziellen Gebrauch gestattet.<br \/>\nSoweit die Inhalte auf dieser Seite nicht vom Betreiber erstellt wurden, werden die Urheberrechte Dritter beachtet. Insbesondere werden Inhalte Dritter als solche gekennzeichnet. Sollten Sie trotzdem auf eine Urheberrechtsverletzung aufmerksam werden, bitten wir um einen entsprechenden Hinweis. Bei Bekanntwerden von Rechtsverletzungen werden wir derartige Inhalte umgehend entfernen.\n<br>\n<br \/>\n<h3>Bildnachweise<\/h3>\ntrolleymaker gmbh<br \/>\nFlensburg<br \/>\nShutterstock.com<\/div>\n\t\t\t\t\t\t<\/div>\n\t\t\t\t<\/div>\n\t\t\t\t\t<\/div>\n\t\t<\/div>\n\t\t\t\t\t<\/div>\n\t\t<\/section>\n\t\t\t\t<\/div>\n\t\t<\/div>","protected":false},"excerpt":{"rendered":"","protected":false},"author":1,"featured_media":0,"parent":0,"menu_order":0,"comment_status":"closed","ping_status":"closed","template":"","meta":{"_acf_changed":false,"footnotes":""},"class_list":["post-10813","page","type-page","status-publish","hentry"],"acf":[],"_links":{"self":[{"href":"https:\/\/foerdecard.com\/en\/wp-json\/wp\/v2\/pages\/10813","targetHints":{"allow":["GET"]}}],"collection":[{"href":"https:\/\/foerdecard.com\/en\/wp-json\/wp\/v2\/pages"}],"about":[{"href":"https:\/\/foerdecard.com\/en\/wp-json\/wp\/v2\/types\/page"}],"author":[{"embeddable":true,"href":"https:\/\/foerdecard.com\/en\/wp-json\/wp\/v2\/users\/1"}],"replies":[{"embeddable":true,"href":"https:\/\/foerdecard.com\/en\/wp-json\/wp\/v2\/comments?post=10813"}],"version-history":[{"count":1,"href":"https:\/\/foerdecard.com\/en\/wp-json\/wp\/v2\/pages\/10813\/revisions"}],"predecessor-version":[{"id":10814,"href":"https:\/\/foerdecard.com\/en\/wp-json\/wp\/v2\/pages\/10813\/revisions\/10814"}],"wp:attachment":[{"href":"https:\/\/foerdecard.com\/en\/wp-json\/wp\/v2\/media?parent=10813"}],"curies":[{"name":"wp","href":"https:\/\/api.w.org\/{rel}","templated":true}]}}