{"id":10831,"date":"2021-11-16T19:36:03","date_gmt":"2021-11-16T18:36:03","guid":{"rendered":"https:\/\/foerdecard.com\/declaration-of-consent\/"},"modified":"2025-08-06T00:07:41","modified_gmt":"2025-08-05T22:07:41","slug":"declaration-of-consent","status":"publish","type":"page","link":"https:\/\/foerdecard.com\/en\/declaration-of-consent\/","title":{"rendered":"Declaration of consent"},"content":{"rendered":"<div id=\"modal-ready\">\t\t<div data-elementor-type=\"wp-page\" data-elementor-id=\"10831\" class=\"elementor elementor-10831 elementor-2736\" data-elementor-post-type=\"page\">\n\t\t\t\t\t\t<section data-particle_enable=\"false\" data-particle-mobile-disabled=\"false\" class=\"elementor-section elementor-top-section elementor-element elementor-element-c38fe4a elementor-section-boxed elementor-section-height-default elementor-section-height-default\" data-id=\"c38fe4a\" data-element_type=\"section\" data-e-type=\"section\">\n\t\t\t\t\t\t<div class=\"elementor-container elementor-column-gap-default\">\n\t\t\t\t\t<div class=\"elementor-column elementor-col-100 elementor-top-column elementor-element elementor-element-c56b23c\" data-id=\"c56b23c\" data-element_type=\"column\" data-e-type=\"column\">\n\t\t\t<div class=\"elementor-widget-wrap elementor-element-populated\">\n\t\t\t\t\t\t<div class=\"elementor-element elementor-element-3f2b436 elementor-widget elementor-widget-shortcode\" data-id=\"3f2b436\" data-element_type=\"widget\" data-e-type=\"widget\" data-widget_type=\"shortcode.default\">\n\t\t\t\t<div class=\"elementor-widget-container\">\n\t\t\t\t\t\t\t<div class=\"elementor-shortcode\"><h1>Einwilligung in individualisierte Werbung und Marktforschung<\/h1>\n<p>Durch Anklicken des Buttons der Einwilligungserkl\u00e4rung im Registrierungsformular willigen Sie ein, dass der Betreiber der CARD, die trolleymaker gmbh, Zeppelinstr. 7, 76185 Karlsruhe Ihnen per E-Mail sowie per Post und\/oder per SMS (sofern markiert, wenn zus\u00e4tzlich gew\u00fcnscht) auf Sie pers\u00f6nlich ausgerichtete Werbung der teilnehmenden Akzeptanzpartner Ihrer CARD (z.B. Geburtstagsbonus, Sonderangebote, Bonus- und Rabattaktionen, lokale Events) schickt. Eine Auflistung der aktuellen Akzeptanzpartner ist auf der Webseite Ihrer CARD und in der Smartphone App (Android \/ iOS) Ihrer CARD abrufbar.<\/p>\n<p>Die Ausrichtung der Werbung auf Sie pers\u00f6nlich erfolgt durch die Ber\u00fccksichtigung Ihrer bei der Registrierung gemachten Pflichtangaben (Name, Vorname, E-Mail-Adresse, Geburtsdatum) sowie ggf. der von Ihnen erg\u00e4nzend get\u00e4tigten freiwilligen Angaben (Anrede, Anschrift, Postleitzahl, Wohnort, mobile Rufnummer sowie besondere Interessen, z.B. Informationen gew\u00fcnscht zu Shopping, Sport, Kultur, Events, Freizeit, Bildung etc.) sowie wie Sie von der CARD erfahren haben und woher Sie die CARD haben.<\/p>\n<p>Au\u00dferdem ber\u00fccksichtigen wir die Daten, die bei Eink\u00e4ufen von Ihnen bei den Akzeptanzpartnern der CARD, bei denen Sie Ihre CARD eingesetzt haben, erhoben werden sowie die Daten, die erhoben werden, wenn Sie Guthaben und gesammelte Boni beim Einkauf bei einem der teilnehmenden Akzeptanzpartner einl\u00f6sen. Bei diesen Daten handelt es sich jeweils um den bezahlten bonusf\u00e4higen Betrag, den gutgeschriebenen Bonus, den Ort (bei welchem Akzeptanzpartner der Einkauf erfolgt ist), Datum und Uhrzeit des Einkaufs. Weiter ber\u00fccksichtigen wir, ob Sie sich zu unserem Newsletter angemeldet haben.<\/p>\n<p>Weitere Details k\u00f6nnen Sie unseren Datenschutzhinweisen unter <a href=\"https:\/\/www.trolleymaker.com\/datenschutz\/\" target=\"_blank\">www.trolleymaker.com\/datenschutz<\/a> entnehmen.<\/p>\n<p>Die Abgabe dieser Einwilligung ist freiwillig und kann von Ihnen jederzeit mit Wirkung f\u00fcr die Zukunft widerrufen werden, z.B. per Brief an trolleymaker gmbh, Zeppelinstr. 7, 76185 Karlsruhe oder per E-Mail an <a href=\"mailto:widerruf@trolleymaker.com\">widerruf@trolleymaker.com<\/a>.<\/p>\n<p>Die Registrierung Ihrer CARD ist auch ohne Abgabe dieser Einwilligungserkl\u00e4rung wirksam, jedoch erhalten Sie dann keine pers\u00f6nliche auf Sie ausgerichteten Informationen und Werbung, wie z.B. Geburtstagsbonus, Sonderangebote, Bonus- und Rabattaktionen, lokale Events der teilnehmenden Akzeptanzpartner.<\/p><\/div>\n\t\t\t\t\t\t<\/div>\n\t\t\t\t<\/div>\n\t\t\t\t\t<\/div>\n\t\t<\/div>\n\t\t\t\t\t<\/div>\n\t\t<\/section>\n\t\t\t\t<\/div>\n\t\t<\/div>","protected":false},"excerpt":{"rendered":"","protected":false},"author":1,"featured_media":0,"parent":0,"menu_order":0,"comment_status":"closed","ping_status":"closed","template":"","meta":{"_acf_changed":false,"footnotes":""},"class_list":["post-10831","page","type-page","status-publish","hentry"],"acf":[],"_links":{"self":[{"href":"https:\/\/foerdecard.com\/en\/wp-json\/wp\/v2\/pages\/10831","targetHints":{"allow":["GET"]}}],"collection":[{"href":"https:\/\/foerdecard.com\/en\/wp-json\/wp\/v2\/pages"}],"about":[{"href":"https:\/\/foerdecard.com\/en\/wp-json\/wp\/v2\/types\/page"}],"author":[{"embeddable":true,"href":"https:\/\/foerdecard.com\/en\/wp-json\/wp\/v2\/users\/1"}],"replies":[{"embeddable":true,"href":"https:\/\/foerdecard.com\/en\/wp-json\/wp\/v2\/comments?post=10831"}],"version-history":[{"count":1,"href":"https:\/\/foerdecard.com\/en\/wp-json\/wp\/v2\/pages\/10831\/revisions"}],"predecessor-version":[{"id":10832,"href":"https:\/\/foerdecard.com\/en\/wp-json\/wp\/v2\/pages\/10831\/revisions\/10832"}],"wp:attachment":[{"href":"https:\/\/foerdecard.com\/en\/wp-json\/wp\/v2\/media?parent=10831"}],"curies":[{"name":"wp","href":"https:\/\/api.w.org\/{rel}","templated":true}]}}